{"id":5537,"date":"2025-05-20T14:19:54","date_gmt":"2025-05-20T12:19:54","guid":{"rendered":"https:\/\/illion.pl\/?page_id=5537"},"modified":"2025-05-20T14:38:43","modified_gmt":"2025-05-20T12:38:43","slug":"blog","status":"publish","type":"page","link":"https:\/\/illion.pl\/pl\/blog\/","title":{"rendered":"BLOG"},"content":{"rendered":"\t\t<div data-elementor-type=\"wp-page\" data-elementor-id=\"5537\" class=\"elementor elementor-5537\" data-elementor-post-type=\"page\">\n\t\t\t\t\t\t<section class=\"elementor-section elementor-top-section elementor-element elementor-element-7390572f elementor-section-boxed elementor-section-height-default elementor-section-height-default\" data-id=\"7390572f\" data-element_type=\"section\" data-e-type=\"section\" data-settings=\"{&quot;background_background&quot;:&quot;classic&quot;}\">\n\t\t\t\t\t\t\t<div class=\"elementor-background-overlay\"><\/div>\n\t\t\t\t\t\t\t<div class=\"elementor-container elementor-column-gap-default\">\n\t\t\t\t\t<div class=\"elementor-column elementor-col-100 elementor-top-column elementor-element elementor-element-57273ac8\" data-id=\"57273ac8\" data-element_type=\"column\" data-e-type=\"column\" data-settings=\"{&quot;background_background&quot;:&quot;classic&quot;}\">\n\t\t\t<div class=\"elementor-widget-wrap elementor-element-populated\">\n\t\t\t\t\t\t<div class=\"elementor-element elementor-element-60e67432 elementor-widget-divider--view-line elementor-widget elementor-widget-divider\" data-id=\"60e67432\" data-element_type=\"widget\" data-e-type=\"widget\" data-widget_type=\"divider.default\">\n\t\t\t\t<div class=\"elementor-widget-container\">\n\t\t\t\t\t\t\t<div class=\"elementor-divider\">\n\t\t\t<span class=\"elementor-divider-separator\">\n\t\t\t\t\t\t<\/span>\n\t\t<\/div>\n\t\t\t\t\t\t<\/div>\n\t\t\t\t<\/div>\n\t\t\t\t<section class=\"elementor-section elementor-inner-section elementor-element elementor-element-4e8298ec elementor-section-boxed elementor-section-height-default elementor-section-height-default\" data-id=\"4e8298ec\" data-element_type=\"section\" data-e-type=\"section\">\n\t\t\t\t\t\t\t<div class=\"elementor-background-overlay\"><\/div>\n\t\t\t\t\t\t\t<div class=\"elementor-container elementor-column-gap-default\">\n\t\t\t\t\t<div class=\"elementor-column elementor-col-50 elementor-inner-column elementor-element elementor-element-2fb203ae\" data-id=\"2fb203ae\" data-element_type=\"column\" data-e-type=\"column\">\n\t\t\t<div class=\"elementor-widget-wrap elementor-element-populated\">\n\t\t\t\t\t\t<div class=\"elementor-element elementor-element-7c6d2757 animated-slow elementor-widget elementor-widget-heading\" data-id=\"7c6d2757\" data-element_type=\"widget\" data-e-type=\"widget\" data-settings=\"{&quot;_animation&quot;:&quot;none&quot;}\" data-widget_type=\"heading.default\">\n\t\t\t\t<div class=\"elementor-widget-container\">\n\t\t\t\t\t<h5 class=\"elementor-heading-title elementor-size-default\">blog<\/h5>\t\t\t\t<\/div>\n\t\t\t\t<\/div>\n\t\t\t\t\t<\/div>\n\t\t<\/div>\n\t\t\t\t<div class=\"elementor-column elementor-col-50 elementor-inner-column elementor-element elementor-element-4369788\" data-id=\"4369788\" data-element_type=\"column\" data-e-type=\"column\" data-settings=\"{&quot;background_background&quot;:&quot;classic&quot;}\">\n\t\t\t<div class=\"elementor-widget-wrap elementor-element-populated\">\n\t\t\t\t\t\t<div class=\"elementor-element elementor-element-6de91bef elementor-widget elementor-widget-image\" data-id=\"6de91bef\" data-element_type=\"widget\" data-e-type=\"widget\" data-widget_type=\"image.default\">\n\t\t\t\t<div class=\"elementor-widget-container\">\n\t\t\t\t\t\t\t\t\t\t\t\t\t\t\t<img decoding=\"async\" width=\"474\" height=\"36\" src=\"https:\/\/illion.pl\/wp-content\/uploads\/2024\/07\/roto-production-house.svg\" class=\"attachment-large size-large wp-image-2956\" alt=\"engineered form excellence\u200b roto production house- doskona\u0142o\u015b\u0107 formy in\u017cynieryjnej\u200b dom produkcyjny roto\" \/>\t\t\t\t\t\t\t\t\t\t\t\t\t\t\t<\/div>\n\t\t\t\t<\/div>\n\t\t\t\t\t<\/div>\n\t\t<\/div>\n\t\t\t\t\t<\/div>\n\t\t<\/section>\n\t\t\t\t<div class=\"elementor-element elementor-element-1408141a elementor-widget-divider--view-line elementor-widget elementor-widget-divider\" data-id=\"1408141a\" data-element_type=\"widget\" data-e-type=\"widget\" data-widget_type=\"divider.default\">\n\t\t\t\t<div class=\"elementor-widget-container\">\n\t\t\t\t\t\t\t<div class=\"elementor-divider\">\n\t\t\t<span class=\"elementor-divider-separator\">\n\t\t\t\t\t\t<\/span>\n\t\t<\/div>\n\t\t\t\t\t\t<\/div>\n\t\t\t\t<\/div>\n\t\t\t\t\t<\/div>\n\t\t<\/div>\n\t\t\t\t\t<\/div>\n\t\t<\/section>\n\t\t\t\t<section class=\"elementor-section elementor-top-section elementor-element elementor-element-37f9a4ef elementor-section-stretched elementor-section-height-min-height elementor-section-full_width elementor-section-items-top elementor-section-height-default\" data-id=\"37f9a4ef\" data-element_type=\"section\" data-e-type=\"section\" data-settings=\"{&quot;background_background&quot;:&quot;video&quot;,&quot;stretch_section&quot;:&quot;section-stretched&quot;,&quot;background_video_link&quot;:&quot;https:\\\/\\\/youtu.be\\\/3N2Q-hbeQcU&quot;,&quot;background_play_on_mobile&quot;:&quot;yes&quot;,&quot;background_video_start&quot;:0}\">\n\t\t\t\t\t\t\t\t<div class=\"elementor-background-video-container\">\n\t\t\t\t\t\t\t\t\t\t\t\t\t<div class=\"elementor-background-video-embed\" role=\"presentation\"><\/div>\n\t\t\t\t\t\t\t\t\t\t\t\t<\/div>\n\t\t\t\t\t\t\t\t\t<div class=\"elementor-background-overlay\"><\/div>\n\t\t\t\t\t\t\t<div class=\"elementor-container elementor-column-gap-no\">\n\t\t\t\t\t<div class=\"elementor-column elementor-col-100 elementor-top-column elementor-element elementor-element-c840487\" data-id=\"c840487\" data-element_type=\"column\" data-e-type=\"column\">\n\t\t\t<div class=\"elementor-widget-wrap\">\n\t\t\t\t\t\t\t<\/div>\n\t\t<\/div>\n\t\t\t\t\t<\/div>\n\t\t<\/section>\n\t\t\t\t<section class=\"elementor-section elementor-top-section elementor-element elementor-element-406972a0 elementor-section-boxed elementor-section-height-default elementor-section-height-default\" data-id=\"406972a0\" data-element_type=\"section\" data-e-type=\"section\" data-settings=\"{&quot;background_background&quot;:&quot;classic&quot;}\">\n\t\t\t\t\t\t\t<div class=\"elementor-background-overlay\"><\/div>\n\t\t\t\t\t\t\t<div class=\"elementor-container elementor-column-gap-default\">\n\t\t\t\t\t<div class=\"elementor-column elementor-col-100 elementor-top-column elementor-element elementor-element-7823e42a\" data-id=\"7823e42a\" data-element_type=\"column\" data-e-type=\"column\" data-settings=\"{&quot;background_background&quot;:&quot;classic&quot;}\">\n\t\t\t<div class=\"elementor-widget-wrap elementor-element-populated\">\n\t\t\t\t\t<div class=\"elementor-background-overlay\"><\/div>\n\t\t\t\t\t\t<div class=\"elementor-element elementor-element-08691c4 elementor-widget elementor-widget-elementskit-blog-posts\" data-id=\"08691c4\" data-element_type=\"widget\" data-e-type=\"widget\" data-widget_type=\"elementskit-blog-posts.default\">\n\t\t\t\t<div class=\"elementor-widget-container\">\n\t\t\t\t\t<div class=\"ekit-wid-con\" >        <div id=\"post-items--08691c4\" class=\"row post-items\">\n                    <div class=\"col-md-12\">\n\n                                    <div class=\"elementskit-blog-block-post\">\n                        <div class=\"row no-gutters\">\n                            \n                            <div class=\"col-md-12 order-2\">\n                                <div class=\"elementskit-post-body \">\n                                    <div class=\"elementskit-entry-header\">\n                                        \n                                                                                            \t\t\t\t\t                                            \n                                            \n                                                                                            \t\t\t\t<h2 class=\"entry-title\">\n\t\t\t\t\t<a href=\"https:\/\/illion.pl\/pl\/dlaczego-warto-wybrac-formatowanie-rotacyjne\/\">\n\t\t\t\t\t\tDlaczego warto wybra\u0107 formowanie rotacyjne?\t\t\t\t\t<\/a>\n\t\t\t\t<\/h2>\n\t\t\t                                                                                <\/div><!-- .elementskit-entry-header END -->\n\n                                                                            <div class=\"elementskit-post-footer\">\n                                                                                            <p>\ud83d\udca1 Dlaczego warto wybra\u0107 formowanie rotacyjne? Formowanie rotacyjne (rotomoulding) to nowoczesna i wyj\u0105tkowo wszechstronna technologia produkcji element\u00f3w z tworzyw sztucznych. Oto kluczowe powody, dla kt\u00f3rych warto postawi\u0107 na ten proces: \u2705 Wyj\u0105tkowa trwa\u0142o\u015b\u0107 bez napr\u0119\u017ce\u0144 Proces odbywa si\u0119 bez wysokiego ci\u015bnienia, co eliminuje napr\u0119\u017cenia materia\u0142owe i znacz\u0105co zwi\u0119ksza \u017cywotno\u015b\u0107 gotowych wyrob\u00f3w. \u2705 Jednolita grubo\u015b\u0107 \u015bcianek [&hellip;]<\/p>\n                                                                                                                                <\/div><!-- .elementskit-post-footer END -->\n                                                                    <\/div><!-- .elementskit-post-body END -->\n                            <\/div>\n                        <\/div>\n                    <\/div><!-- .elementskit-blog-block-post .radius .gradient-bg END -->\n                \n            <\/div>\n                <\/div>\n       <\/div>\t\t\t\t<\/div>\n\t\t\t\t<\/div>\n\t\t\t\t\t<\/div>\n\t\t<\/div>\n\t\t\t\t\t<\/div>\n\t\t<\/section>\n\t\t\t\t<section class=\"elementor-section elementor-top-section elementor-element elementor-element-450cdd99 elementor-hidden-desktop elementor-hidden-tablet elementor-hidden-mobile elementor-section-boxed elementor-section-height-default elementor-section-height-default\" data-id=\"450cdd99\" data-element_type=\"section\" data-e-type=\"section\" data-settings=\"{&quot;background_background&quot;:&quot;gradient&quot;}\">\n\t\t\t\t\t\t\t<div class=\"elementor-background-overlay\"><\/div>\n\t\t\t\t\t\t\t<div class=\"elementor-container elementor-column-gap-default\">\n\t\t\t\t\t<div class=\"elementor-column elementor-col-100 elementor-top-column elementor-element elementor-element-2c660b98\" data-id=\"2c660b98\" data-element_type=\"column\" data-e-type=\"column\">\n\t\t\t<div class=\"elementor-widget-wrap elementor-element-populated\">\n\t\t\t\t\t\t<section class=\"elementor-section elementor-inner-section elementor-element elementor-element-6a770541 elementor-section-boxed elementor-section-height-default elementor-section-height-default\" data-id=\"6a770541\" data-element_type=\"section\" data-e-type=\"section\">\n\t\t\t\t\t\t<div class=\"elementor-container elementor-column-gap-default\">\n\t\t\t\t\t<div class=\"elementor-column elementor-col-100 elementor-inner-column elementor-element elementor-element-3b2b5ab3\" data-id=\"3b2b5ab3\" data-element_type=\"column\" data-e-type=\"column\" data-settings=\"{&quot;background_background&quot;:&quot;classic&quot;}\">\n\t\t\t<div class=\"elementor-widget-wrap elementor-element-populated\">\n\t\t\t\t\t<div class=\"elementor-background-overlay\"><\/div>\n\t\t\t\t\t\t<div class=\"elementor-element elementor-element-23837643 elementor-hidden-mobile elementor-widget elementor-widget-spacer\" data-id=\"23837643\" data-element_type=\"widget\" data-e-type=\"widget\" data-widget_type=\"spacer.default\">\n\t\t\t\t<div class=\"elementor-widget-container\">\n\t\t\t\t\t\t\t<div class=\"elementor-spacer\">\n\t\t\t<div class=\"elementor-spacer-inner\"><\/div>\n\t\t<\/div>\n\t\t\t\t\t\t<\/div>\n\t\t\t\t<\/div>\n\t\t\t\t<section class=\"elementor-section elementor-inner-section elementor-element elementor-element-291180c6 elementor-section-boxed elementor-section-height-default elementor-section-height-default\" data-id=\"291180c6\" data-element_type=\"section\" data-e-type=\"section\">\n\t\t\t\t\t\t<div class=\"elementor-container elementor-column-gap-default\">\n\t\t\t\t\t<div class=\"elementor-column elementor-col-50 elementor-inner-column elementor-element elementor-element-54a34e10\" data-id=\"54a34e10\" data-element_type=\"column\" data-e-type=\"column\">\n\t\t\t<div class=\"elementor-widget-wrap elementor-element-populated\">\n\t\t\t\t\t\t<div class=\"elementor-element elementor-element-cff880b elementor-widget elementor-widget-jkit_heading\" data-id=\"cff880b\" data-element_type=\"widget\" data-e-type=\"widget\" data-widget_type=\"jkit_heading.default\">\n\t\t\t\t<div class=\"elementor-widget-container\">\n\t\t\t\t\t<div  class=\"jeg-elementor-kit jkit-heading  align-left align-tablet- align-mobile- jeg_module___6a081a8206605\" ><div class=\"heading-section-title  display-inline-block\"><h3 class=\"heading-title\"><\/h3><\/div><\/div>\t\t\t\t<\/div>\n\t\t\t\t<\/div>\n\t\t\t\t\t<\/div>\n\t\t<\/div>\n\t\t\t\t<div class=\"elementor-column elementor-col-50 elementor-inner-column elementor-element elementor-element-142001a3\" data-id=\"142001a3\" data-element_type=\"column\" data-e-type=\"column\">\n\t\t\t<div class=\"elementor-widget-wrap elementor-element-populated\">\n\t\t\t\t\t\t<div class=\"elementor-element elementor-element-70f70d29 elementor-widget elementor-widget-jkit_heading\" data-id=\"70f70d29\" data-element_type=\"widget\" data-e-type=\"widget\" data-widget_type=\"jkit_heading.default\">\n\t\t\t\t<div class=\"elementor-widget-container\">\n\t\t\t\t\t<div  class=\"jeg-elementor-kit jkit-heading  align-left align-tablet- align-mobile- jeg_module__1_6a081a820746b\" ><div class=\"heading-section-title  display-inline-block\"><h3 class=\"heading-title\"><\/h3><\/div><\/div>\t\t\t\t<\/div>\n\t\t\t\t<\/div>\n\t\t\t\t\t<\/div>\n\t\t<\/div>\n\t\t\t\t\t<\/div>\n\t\t<\/section>\n\t\t\t\t<div class=\"elementor-element elementor-element-2de47bdb elementor-widget elementor-widget-spacer\" data-id=\"2de47bdb\" data-element_type=\"widget\" data-e-type=\"widget\" data-widget_type=\"spacer.default\">\n\t\t\t\t<div class=\"elementor-widget-container\">\n\t\t\t\t\t\t\t<div class=\"elementor-spacer\">\n\t\t\t<div class=\"elementor-spacer-inner\"><\/div>\n\t\t<\/div>\n\t\t\t\t\t\t<\/div>\n\t\t\t\t<\/div>\n\t\t\t\t\t<\/div>\n\t\t<\/div>\n\t\t\t\t\t<\/div>\n\t\t<\/section>\n\t\t\t\t<div class=\"elementor-element elementor-element-533486bc elementor-widget-divider--view-line elementor-widget elementor-widget-divider\" data-id=\"533486bc\" data-element_type=\"widget\" data-e-type=\"widget\" data-widget_type=\"divider.default\">\n\t\t\t\t<div class=\"elementor-widget-container\">\n\t\t\t\t\t\t\t<div class=\"elementor-divider\">\n\t\t\t<span class=\"elementor-divider-separator\">\n\t\t\t\t\t\t<\/span>\n\t\t<\/div>\n\t\t\t\t\t\t<\/div>\n\t\t\t\t<\/div>\n\t\t\t\t<div class=\"elementor-element elementor-element-3b05780 elementor-widget elementor-widget-spacer\" data-id=\"3b05780\" data-element_type=\"widget\" data-e-type=\"widget\" data-widget_type=\"spacer.default\">\n\t\t\t\t<div class=\"elementor-widget-container\">\n\t\t\t\t\t\t\t<div class=\"elementor-spacer\">\n\t\t\t<div class=\"elementor-spacer-inner\"><\/div>\n\t\t<\/div>\n\t\t\t\t\t\t<\/div>\n\t\t\t\t<\/div>\n\t\t\t\t\t<\/div>\n\t\t<\/div>\n\t\t\t\t\t<\/div>\n\t\t<\/section>\n\t\t\t\t<\/div>\n\t\t","protected":false},"excerpt":{"rendered":"<p>blog<\/p>\n","protected":false},"author":1,"featured_media":0,"parent":0,"menu_order":0,"comment_status":"closed","ping_status":"closed","template":"","meta":{"footnotes":""},"class_list":["post-5537","page","type-page","status-publish","hentry"],"yoast_head":"<!-- This site is optimized with the Yoast SEO plugin v25.2 - https:\/\/yoast.com\/wordpress\/plugins\/seo\/ -->\n<title>BLOG - ILLION - ROTO PRODUCTION HOUSE<\/title>\n<meta name=\"robots\" content=\"index, follow, max-snippet:-1, max-image-preview:large, max-video-preview:-1\" \/>\n<link rel=\"canonical\" href=\"https:\/\/illion.pl\/pl\/blog\/\" \/>\n<meta property=\"og:locale\" content=\"pl_PL\" \/>\n<meta property=\"og:type\" content=\"article\" \/>\n<meta property=\"og:title\" content=\"BLOG - ILLION - ROTO PRODUCTION HOUSE\" \/>\n<meta property=\"og:description\" content=\"blog\" \/>\n<meta property=\"og:url\" content=\"https:\/\/illion.pl\/pl\/blog\/\" \/>\n<meta property=\"og:site_name\" content=\"ILLION - ROTO PRODUCTION HOUSE\" \/>\n<meta property=\"article:modified_time\" content=\"2025-05-20T12:38:43+00:00\" \/>\n<meta name=\"twitter:card\" content=\"summary_large_image\" \/>\n<meta name=\"twitter:label1\" content=\"Szacowany czas czytania\" \/>\n\t<meta name=\"twitter:data1\" content=\"2 minuty\" \/>\n<script type=\"application\/ld+json\" class=\"yoast-schema-graph\">{\"@context\":\"https:\/\/schema.org\",\"@graph\":[{\"@type\":\"WebPage\",\"@id\":\"https:\/\/illion.pl\/pl\/blog\/\",\"url\":\"https:\/\/illion.pl\/pl\/blog\/\",\"name\":\"BLOG - ILLION - ROTO PRODUCTION HOUSE\",\"isPartOf\":{\"@id\":\"https:\/\/illion.pl\/pl\/#website\"},\"primaryImageOfPage\":{\"@id\":\"https:\/\/illion.pl\/pl\/blog\/#primaryimage\"},\"image\":{\"@id\":\"https:\/\/illion.pl\/pl\/blog\/#primaryimage\"},\"thumbnailUrl\":\"https:\/\/illion.pl\/wp-content\/uploads\/2024\/07\/roto-production-house.svg\",\"datePublished\":\"2025-05-20T12:19:54+00:00\",\"dateModified\":\"2025-05-20T12:38:43+00:00\",\"breadcrumb\":{\"@id\":\"https:\/\/illion.pl\/pl\/blog\/#breadcrumb\"},\"inLanguage\":\"pl-PL\",\"potentialAction\":[{\"@type\":\"ReadAction\",\"target\":[\"https:\/\/illion.pl\/pl\/blog\/\"]}]},{\"@type\":\"ImageObject\",\"inLanguage\":\"pl-PL\",\"@id\":\"https:\/\/illion.pl\/pl\/blog\/#primaryimage\",\"url\":\"https:\/\/illion.pl\/wp-content\/uploads\/2024\/07\/roto-production-house.svg\",\"contentUrl\":\"https:\/\/illion.pl\/wp-content\/uploads\/2024\/07\/roto-production-house.svg\"},{\"@type\":\"BreadcrumbList\",\"@id\":\"https:\/\/illion.pl\/pl\/blog\/#breadcrumb\",\"itemListElement\":[{\"@type\":\"ListItem\",\"position\":1,\"name\":\"Strona g\u0142\u00f3wna\",\"item\":\"https:\/\/illion.pl\/pl\/\"},{\"@type\":\"ListItem\",\"position\":2,\"name\":\"BLOG\"}]},{\"@type\":\"WebSite\",\"@id\":\"https:\/\/illion.pl\/pl\/#website\",\"url\":\"https:\/\/illion.pl\/pl\/\",\"name\":\"ILLION - ROTO PRODUCTION HOUSE\",\"description\":\"Moulds ideas into products with hi-tech rotomoulding technology, delivering engineered form excellence in every project.\",\"publisher\":{\"@id\":\"https:\/\/illion.pl\/pl\/#organization\"},\"potentialAction\":[{\"@type\":\"SearchAction\",\"target\":{\"@type\":\"EntryPoint\",\"urlTemplate\":\"https:\/\/illion.pl\/pl\/?s={search_term_string}\"},\"query-input\":{\"@type\":\"PropertyValueSpecification\",\"valueRequired\":true,\"valueName\":\"search_term_string\"}}],\"inLanguage\":\"pl-PL\"},{\"@type\":\"Organization\",\"@id\":\"https:\/\/illion.pl\/pl\/#organization\",\"name\":\"ILLION - ROTO PRODUCTION HOUSE\",\"url\":\"https:\/\/illion.pl\/pl\/\",\"logo\":{\"@type\":\"ImageObject\",\"inLanguage\":\"pl-PL\",\"@id\":\"https:\/\/illion.pl\/pl\/#\/schema\/logo\/image\/\",\"url\":\"https:\/\/illion.pl\/wp-content\/uploads\/2024\/06\/ILLION-ROTO-PRODUCTION-HOUSE-best-quality-rotomoulding-forms-google-icon.png\",\"contentUrl\":\"https:\/\/illion.pl\/wp-content\/uploads\/2024\/06\/ILLION-ROTO-PRODUCTION-HOUSE-best-quality-rotomoulding-forms-google-icon.png\",\"width\":1290,\"height\":1290,\"caption\":\"ILLION - ROTO PRODUCTION HOUSE\"},\"image\":{\"@id\":\"https:\/\/illion.pl\/pl\/#\/schema\/logo\/image\/\"}}]}<\/script>\n<!-- \/ Yoast SEO plugin. -->","yoast_head_json":{"title":"BLOG - ILLION - ROTO PRODUCTION HOUSE","robots":{"index":"index","follow":"follow","max-snippet":"max-snippet:-1","max-image-preview":"max-image-preview:large","max-video-preview":"max-video-preview:-1"},"canonical":"https:\/\/illion.pl\/pl\/blog\/","og_locale":"pl_PL","og_type":"article","og_title":"BLOG - ILLION - ROTO PRODUCTION HOUSE","og_description":"blog","og_url":"https:\/\/illion.pl\/pl\/blog\/","og_site_name":"ILLION - ROTO PRODUCTION HOUSE","article_modified_time":"2025-05-20T12:38:43+00:00","twitter_card":"summary_large_image","twitter_misc":{"Szacowany czas czytania":"2 minuty"},"schema":{"@context":"https:\/\/schema.org","@graph":[{"@type":"WebPage","@id":"https:\/\/illion.pl\/pl\/blog\/","url":"https:\/\/illion.pl\/pl\/blog\/","name":"BLOG - ILLION - ROTO PRODUCTION HOUSE","isPartOf":{"@id":"https:\/\/illion.pl\/pl\/#website"},"primaryImageOfPage":{"@id":"https:\/\/illion.pl\/pl\/blog\/#primaryimage"},"image":{"@id":"https:\/\/illion.pl\/pl\/blog\/#primaryimage"},"thumbnailUrl":"https:\/\/illion.pl\/wp-content\/uploads\/2024\/07\/roto-production-house.svg","datePublished":"2025-05-20T12:19:54+00:00","dateModified":"2025-05-20T12:38:43+00:00","breadcrumb":{"@id":"https:\/\/illion.pl\/pl\/blog\/#breadcrumb"},"inLanguage":"pl-PL","potentialAction":[{"@type":"ReadAction","target":["https:\/\/illion.pl\/pl\/blog\/"]}]},{"@type":"ImageObject","inLanguage":"pl-PL","@id":"https:\/\/illion.pl\/pl\/blog\/#primaryimage","url":"https:\/\/illion.pl\/wp-content\/uploads\/2024\/07\/roto-production-house.svg","contentUrl":"https:\/\/illion.pl\/wp-content\/uploads\/2024\/07\/roto-production-house.svg"},{"@type":"BreadcrumbList","@id":"https:\/\/illion.pl\/pl\/blog\/#breadcrumb","itemListElement":[{"@type":"ListItem","position":1,"name":"Strona g\u0142\u00f3wna","item":"https:\/\/illion.pl\/pl\/"},{"@type":"ListItem","position":2,"name":"BLOG"}]},{"@type":"WebSite","@id":"https:\/\/illion.pl\/pl\/#website","url":"https:\/\/illion.pl\/pl\/","name":"ILLION - ROTO PRODUCTION HOUSE","description":"Moulds ideas into products with hi-tech rotomoulding technology, delivering engineered form excellence in every project.","publisher":{"@id":"https:\/\/illion.pl\/pl\/#organization"},"potentialAction":[{"@type":"SearchAction","target":{"@type":"EntryPoint","urlTemplate":"https:\/\/illion.pl\/pl\/?s={search_term_string}"},"query-input":{"@type":"PropertyValueSpecification","valueRequired":true,"valueName":"search_term_string"}}],"inLanguage":"pl-PL"},{"@type":"Organization","@id":"https:\/\/illion.pl\/pl\/#organization","name":"ILLION - ROTO PRODUCTION HOUSE","url":"https:\/\/illion.pl\/pl\/","logo":{"@type":"ImageObject","inLanguage":"pl-PL","@id":"https:\/\/illion.pl\/pl\/#\/schema\/logo\/image\/","url":"https:\/\/illion.pl\/wp-content\/uploads\/2024\/06\/ILLION-ROTO-PRODUCTION-HOUSE-best-quality-rotomoulding-forms-google-icon.png","contentUrl":"https:\/\/illion.pl\/wp-content\/uploads\/2024\/06\/ILLION-ROTO-PRODUCTION-HOUSE-best-quality-rotomoulding-forms-google-icon.png","width":1290,"height":1290,"caption":"ILLION - ROTO PRODUCTION HOUSE"},"image":{"@id":"https:\/\/illion.pl\/pl\/#\/schema\/logo\/image\/"}}]}},"_links":{"self":[{"href":"https:\/\/illion.pl\/pl\/wp-json\/wp\/v2\/pages\/5537","targetHints":{"allow":["GET"]}}],"collection":[{"href":"https:\/\/illion.pl\/pl\/wp-json\/wp\/v2\/pages"}],"about":[{"href":"https:\/\/illion.pl\/pl\/wp-json\/wp\/v2\/types\/page"}],"author":[{"embeddable":true,"href":"https:\/\/illion.pl\/pl\/wp-json\/wp\/v2\/users\/1"}],"replies":[{"embeddable":true,"href":"https:\/\/illion.pl\/pl\/wp-json\/wp\/v2\/comments?post=5537"}],"version-history":[{"count":9,"href":"https:\/\/illion.pl\/pl\/wp-json\/wp\/v2\/pages\/5537\/revisions"}],"predecessor-version":[{"id":5754,"href":"https:\/\/illion.pl\/pl\/wp-json\/wp\/v2\/pages\/5537\/revisions\/5754"}],"wp:attachment":[{"href":"https:\/\/illion.pl\/pl\/wp-json\/wp\/v2\/media?parent=5537"}],"curies":[{"name":"wp","href":"https:\/\/api.w.org\/{rel}","templated":true}]}}